{"id":12,"date":"2022-04-26T17:41:08","date_gmt":"2022-04-26T21:41:08","guid":{"rendered":"http:\/\/www.surfatech.ca\/?page_id=12"},"modified":"2025-07-28T15:37:10","modified_gmt":"2025-07-28T19:37:10","slug":"nous-joindre-surfatech-expert-beton","status":"publish","type":"page","link":"https:\/\/www.surfatech.ca\/en_ca\/nous-joindre-surfatech-expert-beton\/","title":{"rendered":"CONTACT US"},"content":{"rendered":"<section class=\"hestia-contact contactus section-image full-width-section\" id=\"contact\" data-sorder=\"hestia_contact\" style=\"background-image: url(https:\/\/www.surfatech.ca\/wp-content\/uploads\/2022\/06\/Employe-HQ.jpeg);\">\n  <span class=\"hestia-section-cp-utils\" data-control=\"hestia_contact_hide\"><\/span>\n  <div class=\"container\">\n    <div class=\"row\">\n    \n      <!-- Colonne de gauche -->\n      <div class=\"col-md-6 hestia-contact-title-area\">\n        <span class=\"hestia-hide-section-shortcut customize-partial-edit-shortcut customize-partial-edit-shortcut-hestia_contact_title\"><\/span>\n<div class=\"wp-block-image\" style=\"padding-bottom: 15px;\">\n<figure class=\"aligncenter size-full is-resized\"><img fetchpriority=\"high\" decoding=\"async\" width=\"428\" height=\"285\" src=\"https:\/\/www.surfatech.ca\/wp-content\/uploads\/2023\/12\/SurfaTech-Logo-fond-orange-HQ-edited-1.jpeg\" alt=\"SurfaTech expert b\u00e9ton\" class=\"wp-image-766\" style=\"width:254px;height:auto\" srcset=\"https:\/\/www.surfatech.ca\/wp-content\/uploads\/2023\/12\/SurfaTech-Logo-fond-orange-HQ-edited-1.jpeg 428w, https:\/\/www.surfatech.ca\/wp-content\/uploads\/2023\/12\/SurfaTech-Logo-fond-orange-HQ-edited-1-300x200.jpeg 300w, https:\/\/www.surfatech.ca\/wp-content\/uploads\/2023\/12\/SurfaTech-Logo-fond-orange-HQ-edited-1-18x12.jpeg 18w, https:\/\/www.surfatech.ca\/wp-content\/uploads\/2023\/12\/SurfaTech-Logo-fond-orange-HQ-edited-1-360x240.jpeg 360w\" sizes=\"(max-width: 428px) 100vw, 428px\"><\/figure><\/div>\n        <h2 class=\"hestia-title\">SurfaTech, your concrete repair and coating specialist<\/h2>\n        <h5 class=\"description\">Our experts are ready to meet your needs.<\/h5>\n<h5 class=\"description\">Feel free to contact us:<\/h5>\n        \n        <div class=\"hestia-description\" title=\"Maj+clic pour modifier cet \u00e9l\u00e9ment.\">\n          <span class=\"customize-partial-edit-shortcut customize-partial-edit-shortcut-hestia_contact_content_new\"><\/span>\n          \n          <!-- Adresse -->\n          <div class=\"hestia-info info info-horizontal\">\n            <h4 class=\"icon icon-primary\"><i class=\"fas fa-map-marker-alt\"><\/i><\/h4>\n            <div class=\"description\">\n              <h5 class=\"info-title\">Address<\/h5>\n              <p>2711 Place Sunset, Saint-Lazare, QC J7T 2K2<\/p>\n            <\/div>\n          <\/div>\n\n          <!-- Courriel -->\n          <div class=\"hestia-info info info-horizontal\">\n            <h4 class=\"icon icon-primary\"><i class=\"fas fa-envelope\"><\/i><\/h4>\n            <div class=\"description\">\n              <h5 class=\"info-title\">Send us an email<\/h5>\n              <a href=\"mailto:info@surfatech.ca\">info@surfatech.ca<\/a>\n            <\/div>\n          <\/div>\n\n          <!-- T\u00e9l\u00e9phone -->\n          <div class=\"hestia-info info info-horizontal\">\n            <h4 class=\"icon icon-primary\"><i class=\"fas fa-phone\"><\/i><\/h4>\n            <div class=\"description\">\n              <h5 class=\"info-title\">Give us a call<\/h5>\n              <a href=\"tel:5146324674\">(514) 632-4674<\/a>\n            <\/div>\n          <\/div>\n        <\/div>\n      <\/div>\n\n      <!-- Colonne de droite (formulaire) -->\n      <div class=\"col-md-6 hestia-contact-form-col\">\n        <div class=\"card card-contact\">\n          <div class=\"header header-raised header-primary text-center\">\n            <h4 class=\"card-title\">Request a Quote<\/h4>\n          <\/div>\n          <div class=\"content\">\n            <div class=\"wpcf7 js\" id=\"wpcf7-f116-o1\" lang=\"fr-CA\" dir=\"ltr\" data-wpcf7-id=\"116\">\n              <div class=\"screen-reader-response\"><p role=\"status\" aria-live=\"polite\" aria-atomic=\"true\"><\/p><ul><\/ul><\/div>\n              <form action=\"#\" method=\"post\" class=\"wpcf7-form form-group init\" aria-label=\"Formulaire de contact\" novalidate=\"novalidate\" data-status=\"init\" data-trp-original-action=\"#\">\n                <fieldset class=\"hidden-fields-container\">\n                  <input type=\"hidden\" name=\"_wpcf7\" value=\"116\">\n                  <input type=\"hidden\" name=\"_wpcf7_version\" value=\"6.1\">\n                  <input type=\"hidden\" name=\"_wpcf7_locale\" value=\"fr_CA\">\n                  <input type=\"hidden\" name=\"_wpcf7_unit_tag\" value=\"wpcf7-f116-o1\">\n                  <input type=\"hidden\" name=\"_wpcf7_container_post\" value=\"0\">\n                  <input type=\"hidden\" name=\"_wpcf7_posted_data_hash\" value=\"\">\n                <\/fieldset>\n\n                <p><label> Name<br>\n                  <span class=\"wpcf7-form-control-wrap form-group\" data-name=\"your-name\">\n                    <input size=\"40\" maxlength=\"400\" class=\"wpcf7-form-control wpcf7-text wpcf7-validates-as-required form-control\" aria-required=\"true\" aria-invalid=\"false\" value=\"\" type=\"text\" name=\"your-name\">\n                  <\/span><\/label><\/p>\n\n                <p><label> E-mail<br>\n                  <span class=\"wpcf7-form-control-wrap form-group\" data-name=\"your-email\">\n                    <input size=\"40\" maxlength=\"400\" class=\"wpcf7-form-control wpcf7-email wpcf7-validates-as-required wpcf7-text wpcf7-validates-as-email form-control\" aria-required=\"true\" aria-invalid=\"false\" value=\"\" type=\"email\" name=\"your-email\">\n                  <\/span><\/label><\/p>\n\n                <p><label> Phone<br>\n<span class=\"wpcf7-form-control-wrap form-group\" data-name=\"your-telephone\"><input size=\"40\" maxlength=\"400\" class=\"wpcf7-form-control wpcf7-tel wpcf7-validates-as-required wpcf7-text wpcf7-validates-as-tel form-control\" aria-required=\"true\" aria-invalid=\"false\" placeholder=\"(000) 000-0000\" value=\"\" type=\"tel\" name=\"your-telephone\"><\/span> <\/label>\n<\/p>\n<p><label> Subject<br>\n<span class=\"wpcf7-form-control-wrap form-group\" data-name=\"Sujet\"><input size=\"40\" maxlength=\"400\" class=\"wpcf7-form-control wpcf7-text wpcf7-validates-as-required form-control\" aria-required=\"true\" aria-invalid=\"false\" value=\"Demande de soumission\" type=\"text\" name=\"Sujet\"><\/span> <\/label>\n<\/p>\n<p><label> Message<br>\n<span class=\"wpcf7-form-control-wrap form-group\" data-name=\"your-message\"><textarea cols=\"40\" rows=\"10\" maxlength=\"2000\" class=\"wpcf7-form-control wpcf7-textarea wpcf7-validates-as-required form-control\" aria-required=\"true\" aria-invalid=\"false\" name=\"your-message\"><\/textarea><\/span> <\/label>\n<\/p>\n<p><input class=\"wpcf7-form-control wpcf7-submit has-spinner\" type=\"submit\" value=\"Send\"><span class=\"wpcf7-spinner\"><\/span>\n<\/p><div class=\"wpcf7-response-output\" aria-hidden=\"true\"><\/div>\n<input type=\"hidden\" name=\"trp-form-language\" value=\"en_ca\"\/><\/form>\n<\/div>\n<\/div>\n<\/div>\n<\/div>\n<\/div>\n<\/div>\n<\/section>","protected":false},"excerpt":{"rendered":"<p>SurfaTech, l&rsquo;expert en r\u00e9paration et rev\u00eatement de b\u00e9ton Nos experts sont \u00e0 l&rsquo;\u00e9coute de vos besoins ! N&rsquo;h\u00e9sitez pas \u00e0 nous contacter : Adresse 2711 Place Sunset, Saint-Lazare, QC J7T 2K2 Envoyez-nous un courriel info@surfatech.ca Donnez-nous un coup de fil (514) 632-4674 Demande de soumission Nom Courriel T\u00e9l\u00e9phone Sujet Message<\/p>","protected":false},"author":1,"featured_media":0,"parent":0,"menu_order":6,"comment_status":"closed","ping_status":"closed","template":"","meta":{"footnotes":""},"class_list":["post-12","page","type-page","status-publish","hentry"],"yoast_head":"<!-- This site is optimized with the Yoast SEO plugin v27.5 - https:\/\/yoast.com\/product\/yoast-seo-wordpress\/ -->\n<title>NOUS JOINDRE - SurfaTech<\/title>\n<meta name=\"description\" content=\"Surfatech, l&#039;expert en r\u00e9paration et rev\u00eatement de b\u00e9ton - Nos experts sont \u00e0 l&#039;\u00e9coute de vos besoins! N&#039;h\u00e9sitez pas \u00e0 nous contacter.\" \/>\n<meta name=\"robots\" content=\"index, follow, max-snippet:-1, max-image-preview:large, max-video-preview:-1\" \/>\n<link rel=\"canonical\" href=\"https:\/\/www.surfatech.ca\/en_ca\/nous-joindre-surfatech-expert-beton\/\" \/>\n<meta property=\"og:locale\" content=\"en_US\" \/>\n<meta property=\"og:type\" content=\"article\" \/>\n<meta property=\"og:title\" content=\"NOUS JOINDRE - SurfaTech\" \/>\n<meta property=\"og:description\" content=\"Surfatech, l&#039;expert en r\u00e9paration et rev\u00eatement de b\u00e9ton - Nos experts sont \u00e0 l&#039;\u00e9coute de vos besoins! N&#039;h\u00e9sitez pas \u00e0 nous contacter.\" \/>\n<meta property=\"og:url\" content=\"https:\/\/www.surfatech.ca\/en_ca\/nous-joindre-surfatech-expert-beton\/\" \/>\n<meta property=\"og:site_name\" content=\"SurfaTech\" \/>\n<meta property=\"article:publisher\" content=\"https:\/\/www.facebook.com\/profile.php?id=100065175084296\" \/>\n<meta property=\"article:modified_time\" content=\"2025-07-28T19:37:10+00:00\" \/>\n<meta property=\"og:image\" content=\"https:\/\/www.surfatech.ca\/wp-content\/uploads\/2023\/12\/SurfaTech-Logo-fond-orange-HQ-edited-1.jpeg\" \/>\n\t<meta property=\"og:image:width\" content=\"428\" \/>\n\t<meta property=\"og:image:height\" content=\"285\" \/>\n\t<meta property=\"og:image:type\" content=\"image\/jpeg\" \/>\n<meta name=\"twitter:card\" content=\"summary_large_image\" \/>\n<meta name=\"twitter:label1\" content=\"Est. reading time\" \/>\n\t<meta name=\"twitter:data1\" content=\"1 minute\" \/>\n<script type=\"application\/ld+json\" class=\"yoast-schema-graph\">{\"@context\":\"https:\\\/\\\/schema.org\",\"@graph\":[{\"@type\":\"WebPage\",\"@id\":\"https:\\\/\\\/www.surfatech.ca\\\/nous-joindre-surfatech-expert-beton\\\/\",\"url\":\"https:\\\/\\\/www.surfatech.ca\\\/nous-joindre-surfatech-expert-beton\\\/\",\"name\":\"NOUS JOINDRE - SurfaTech\",\"isPartOf\":{\"@id\":\"https:\\\/\\\/www.surfatech.ca\\\/#website\"},\"primaryImageOfPage\":{\"@id\":\"https:\\\/\\\/www.surfatech.ca\\\/nous-joindre-surfatech-expert-beton\\\/#primaryimage\"},\"image\":{\"@id\":\"https:\\\/\\\/www.surfatech.ca\\\/nous-joindre-surfatech-expert-beton\\\/#primaryimage\"},\"thumbnailUrl\":\"https:\\\/\\\/www.surfatech.ca\\\/wp-content\\\/uploads\\\/2023\\\/12\\\/SurfaTech-Logo-fond-orange-HQ-edited-1.jpeg\",\"datePublished\":\"2022-04-26T21:41:08+00:00\",\"dateModified\":\"2025-07-28T19:37:10+00:00\",\"description\":\"Surfatech, l'expert en r\u00e9paration et rev\u00eatement de b\u00e9ton - Nos experts sont \u00e0 l'\u00e9coute de vos besoins! N'h\u00e9sitez pas \u00e0 nous contacter.\",\"breadcrumb\":{\"@id\":\"https:\\\/\\\/www.surfatech.ca\\\/nous-joindre-surfatech-expert-beton\\\/#breadcrumb\"},\"inLanguage\":\"en-CA\",\"potentialAction\":[{\"@type\":\"ReadAction\",\"target\":[\"https:\\\/\\\/www.surfatech.ca\\\/nous-joindre-surfatech-expert-beton\\\/\"]}]},{\"@type\":\"ImageObject\",\"inLanguage\":\"en-CA\",\"@id\":\"https:\\\/\\\/www.surfatech.ca\\\/nous-joindre-surfatech-expert-beton\\\/#primaryimage\",\"url\":\"https:\\\/\\\/www.surfatech.ca\\\/wp-content\\\/uploads\\\/2023\\\/12\\\/SurfaTech-Logo-fond-orange-HQ-edited-1.jpeg\",\"contentUrl\":\"https:\\\/\\\/www.surfatech.ca\\\/wp-content\\\/uploads\\\/2023\\\/12\\\/SurfaTech-Logo-fond-orange-HQ-edited-1.jpeg\"},{\"@type\":\"BreadcrumbList\",\"@id\":\"https:\\\/\\\/www.surfatech.ca\\\/nous-joindre-surfatech-expert-beton\\\/#breadcrumb\",\"itemListElement\":[{\"@type\":\"ListItem\",\"position\":1,\"name\":\"Accueil\",\"item\":\"https:\\\/\\\/www.surfatech.ca\\\/\"},{\"@type\":\"ListItem\",\"position\":2,\"name\":\"NOUS JOINDRE\"}]},{\"@type\":\"WebSite\",\"@id\":\"https:\\\/\\\/www.surfatech.ca\\\/#website\",\"url\":\"https:\\\/\\\/www.surfatech.ca\\\/\",\"name\":\"SurfaTech\",\"description\":\"Experts en r\u00e9paration et en rev\u00eatement de b\u00e9ton\",\"publisher\":{\"@id\":\"https:\\\/\\\/www.surfatech.ca\\\/#organization\"},\"potentialAction\":[{\"@type\":\"SearchAction\",\"target\":{\"@type\":\"EntryPoint\",\"urlTemplate\":\"https:\\\/\\\/www.surfatech.ca\\\/?s={search_term_string}\"},\"query-input\":{\"@type\":\"PropertyValueSpecification\",\"valueRequired\":true,\"valueName\":\"search_term_string\"}}],\"inLanguage\":\"en-CA\"},{\"@type\":\"Organization\",\"@id\":\"https:\\\/\\\/www.surfatech.ca\\\/#organization\",\"name\":\"SurfaTech\",\"url\":\"https:\\\/\\\/www.surfatech.ca\\\/\",\"logo\":{\"@type\":\"ImageObject\",\"inLanguage\":\"en-CA\",\"@id\":\"https:\\\/\\\/www.surfatech.ca\\\/#\\\/schema\\\/logo\\\/image\\\/\",\"url\":\"https:\\\/\\\/www.surfatech.ca\\\/wp-content\\\/uploads\\\/2022\\\/04\\\/cropped-277753204_347520144097152_6452057013788299260_n.png\",\"contentUrl\":\"https:\\\/\\\/www.surfatech.ca\\\/wp-content\\\/uploads\\\/2022\\\/04\\\/cropped-277753204_347520144097152_6452057013788299260_n.png\",\"width\":512,\"height\":512,\"caption\":\"SurfaTech\"},\"image\":{\"@id\":\"https:\\\/\\\/www.surfatech.ca\\\/#\\\/schema\\\/logo\\\/image\\\/\"},\"sameAs\":[\"https:\\\/\\\/www.facebook.com\\\/profile.php?id=100065175084296\"]}]}<\/script>\n<!-- \/ Yoast SEO plugin. -->","yoast_head_json":{"title":"NOUS JOINDRE - SurfaTech","description":"Surfatech, l'expert en r\u00e9paration et rev\u00eatement de b\u00e9ton - Nos experts sont \u00e0 l'\u00e9coute de vos besoins! N'h\u00e9sitez pas \u00e0 nous contacter.","robots":{"index":"index","follow":"follow","max-snippet":"max-snippet:-1","max-image-preview":"max-image-preview:large","max-video-preview":"max-video-preview:-1"},"canonical":"https:\/\/www.surfatech.ca\/en_ca\/nous-joindre-surfatech-expert-beton\/","og_locale":"en_US","og_type":"article","og_title":"NOUS JOINDRE - SurfaTech","og_description":"Surfatech, l'expert en r\u00e9paration et rev\u00eatement de b\u00e9ton - Nos experts sont \u00e0 l'\u00e9coute de vos besoins! N'h\u00e9sitez pas \u00e0 nous contacter.","og_url":"https:\/\/www.surfatech.ca\/en_ca\/nous-joindre-surfatech-expert-beton\/","og_site_name":"SurfaTech","article_publisher":"https:\/\/www.facebook.com\/profile.php?id=100065175084296","article_modified_time":"2025-07-28T19:37:10+00:00","og_image":[{"width":428,"height":285,"url":"https:\/\/www.surfatech.ca\/wp-content\/uploads\/2023\/12\/SurfaTech-Logo-fond-orange-HQ-edited-1.jpeg","type":"image\/jpeg"}],"twitter_card":"summary_large_image","twitter_misc":{"Est. reading time":"1 minute"},"schema":{"@context":"https:\/\/schema.org","@graph":[{"@type":"WebPage","@id":"https:\/\/www.surfatech.ca\/nous-joindre-surfatech-expert-beton\/","url":"https:\/\/www.surfatech.ca\/nous-joindre-surfatech-expert-beton\/","name":"NOUS JOINDRE - SurfaTech","isPartOf":{"@id":"https:\/\/www.surfatech.ca\/#website"},"primaryImageOfPage":{"@id":"https:\/\/www.surfatech.ca\/nous-joindre-surfatech-expert-beton\/#primaryimage"},"image":{"@id":"https:\/\/www.surfatech.ca\/nous-joindre-surfatech-expert-beton\/#primaryimage"},"thumbnailUrl":"https:\/\/www.surfatech.ca\/wp-content\/uploads\/2023\/12\/SurfaTech-Logo-fond-orange-HQ-edited-1.jpeg","datePublished":"2022-04-26T21:41:08+00:00","dateModified":"2025-07-28T19:37:10+00:00","description":"Surfatech, l'expert en r\u00e9paration et rev\u00eatement de b\u00e9ton - Nos experts sont \u00e0 l'\u00e9coute de vos besoins! N'h\u00e9sitez pas \u00e0 nous contacter.","breadcrumb":{"@id":"https:\/\/www.surfatech.ca\/nous-joindre-surfatech-expert-beton\/#breadcrumb"},"inLanguage":"en-CA","potentialAction":[{"@type":"ReadAction","target":["https:\/\/www.surfatech.ca\/nous-joindre-surfatech-expert-beton\/"]}]},{"@type":"ImageObject","inLanguage":"en-CA","@id":"https:\/\/www.surfatech.ca\/nous-joindre-surfatech-expert-beton\/#primaryimage","url":"https:\/\/www.surfatech.ca\/wp-content\/uploads\/2023\/12\/SurfaTech-Logo-fond-orange-HQ-edited-1.jpeg","contentUrl":"https:\/\/www.surfatech.ca\/wp-content\/uploads\/2023\/12\/SurfaTech-Logo-fond-orange-HQ-edited-1.jpeg"},{"@type":"BreadcrumbList","@id":"https:\/\/www.surfatech.ca\/nous-joindre-surfatech-expert-beton\/#breadcrumb","itemListElement":[{"@type":"ListItem","position":1,"name":"Accueil","item":"https:\/\/www.surfatech.ca\/"},{"@type":"ListItem","position":2,"name":"NOUS JOINDRE"}]},{"@type":"WebSite","@id":"https:\/\/www.surfatech.ca\/#website","url":"https:\/\/www.surfatech.ca\/","name":"SurfaTech","description":"Experts en r\u00e9paration et en rev\u00eatement de b\u00e9ton","publisher":{"@id":"https:\/\/www.surfatech.ca\/#organization"},"potentialAction":[{"@type":"SearchAction","target":{"@type":"EntryPoint","urlTemplate":"https:\/\/www.surfatech.ca\/?s={search_term_string}"},"query-input":{"@type":"PropertyValueSpecification","valueRequired":true,"valueName":"search_term_string"}}],"inLanguage":"en-CA"},{"@type":"Organization","@id":"https:\/\/www.surfatech.ca\/#organization","name":"SurfaTech","url":"https:\/\/www.surfatech.ca\/","logo":{"@type":"ImageObject","inLanguage":"en-CA","@id":"https:\/\/www.surfatech.ca\/#\/schema\/logo\/image\/","url":"https:\/\/www.surfatech.ca\/wp-content\/uploads\/2022\/04\/cropped-277753204_347520144097152_6452057013788299260_n.png","contentUrl":"https:\/\/www.surfatech.ca\/wp-content\/uploads\/2022\/04\/cropped-277753204_347520144097152_6452057013788299260_n.png","width":512,"height":512,"caption":"SurfaTech"},"image":{"@id":"https:\/\/www.surfatech.ca\/#\/schema\/logo\/image\/"},"sameAs":["https:\/\/www.facebook.com\/profile.php?id=100065175084296"]}]}},"_links":{"self":[{"href":"https:\/\/www.surfatech.ca\/en_ca\/wp-json\/wp\/v2\/pages\/12","targetHints":{"allow":["GET"]}}],"collection":[{"href":"https:\/\/www.surfatech.ca\/en_ca\/wp-json\/wp\/v2\/pages"}],"about":[{"href":"https:\/\/www.surfatech.ca\/en_ca\/wp-json\/wp\/v2\/types\/page"}],"author":[{"embeddable":true,"href":"https:\/\/www.surfatech.ca\/en_ca\/wp-json\/wp\/v2\/users\/1"}],"replies":[{"embeddable":true,"href":"https:\/\/www.surfatech.ca\/en_ca\/wp-json\/wp\/v2\/comments?post=12"}],"version-history":[{"count":45,"href":"https:\/\/www.surfatech.ca\/en_ca\/wp-json\/wp\/v2\/pages\/12\/revisions"}],"predecessor-version":[{"id":1288,"href":"https:\/\/www.surfatech.ca\/en_ca\/wp-json\/wp\/v2\/pages\/12\/revisions\/1288"}],"wp:attachment":[{"href":"https:\/\/www.surfatech.ca\/en_ca\/wp-json\/wp\/v2\/media?parent=12"}],"curies":[{"name":"wp","href":"https:\/\/api.w.org\/{rel}","templated":true}]}}