{"id":10,"date":"2022-04-26T17:41:08","date_gmt":"2022-04-26T21:41:08","guid":{"rendered":"http:\/\/www.surfatech.ca\/?page_id=10"},"modified":"2024-01-04T13:48:07","modified_gmt":"2024-01-04T18:48:07","slug":"accueil-reparation-restauration-revetement-beton","status":"publish","type":"page","link":"https:\/\/www.surfatech.ca\/en_ca\/","title":{"rendered":"HOME"},"content":{"rendered":"<div class=\"wp-block-group\"><div class=\"wp-block-group__inner-container is-layout-flow wp-block-group-is-layout-flow\">\n<p class=\"has-white-color has-text-color has-medium-font-size\">Our team specializes in repair and restoration of <a href=\"https:\/\/www.journallenord.com\/publireportages\/le-revetement-dacrylique\/\" target=\"_blank\" rel=\"noreferrer noopener\">concrete coatings<\/a>. For all your concrete work including balconies, sidewalks, flooring, swimming pool contours, garage floors, basement floors, shed floors and even those of commercial\/industrial locations, contact SurfaTech. Learn more about the services we offer in the Vaudreuil-Soulanges region and surrounding areas:<\/p>\n\n\n\n<hr class=\"wp-block-separator has-alpha-channel-opacity\"\/>\n\n\n\n<div class=\"wp-block-media-text alignwide has-media-on-the-right is-stacked-on-mobile is-vertically-aligned-center is-image-fill has-black-color has-text-color has-background\" style=\"background:linear-gradient(135deg,rgb(238,238,238) 0%,rgb(114,114,114) 70%,rgb(169,184,195) 100%)\"><div class=\"wp-block-media-text__content\">\n<p class=\"has-black-color has-text-color\" style=\"font-size:34px\"><strong>BALCONY<\/strong><\/p>\n\n\n\n<p class=\"has-black-color has-text-color has-medium-font-size\">Rejuvenate your balcony by repairing the cement and applying a high-performance acrylic coating.<\/p>\n\n\n\n<div class=\"wp-block-buttons is-horizontal is-layout-flex wp-block-buttons-is-layout-flex\">\n<div class=\"wp-block-button has-custom-width wp-block-button__width-75 has-custom-font-size is-style-fill has-medium-font-size\"><a class=\"wp-block-button__link has-accent-background-color has-background wp-element-button\" href=\"\/en_ca\/surfatech.ca\/services\/restauration-balcon-beton\/\" style=\"border-radius:100px\"><strong>LEARN MORE\u2026<\/strong><\/a><\/div>\n<\/div>\n\n\n\n<p> <\/p>\n<\/div><figure class=\"wp-block-media-text__media\" style=\"background-image:url(https:\/\/www.surfatech.ca\/wp-content\/uploads\/2022\/05\/221988765_182573277245292_1085999951291213759_n.jpg);background-position:50% 50%\"><img loading=\"lazy\" decoding=\"async\" width=\"693\" height=\"857\" src=\"https:\/\/www.surfatech.ca\/wp-content\/uploads\/2022\/05\/221988765_182573277245292_1085999951291213759_n.jpg\" alt=\"Expert en r\u00e9paration et en rev\u00eatement de b\u00e9ton, restauration balcon b\u00e9ton acrylique\" class=\"wp-image-173 size-full\" srcset=\"https:\/\/www.surfatech.ca\/wp-content\/uploads\/2022\/05\/221988765_182573277245292_1085999951291213759_n.jpg 693w, https:\/\/www.surfatech.ca\/wp-content\/uploads\/2022\/05\/221988765_182573277245292_1085999951291213759_n-243x300.jpg 243w\" sizes=\"auto, (max-width: 693px) 100vw, 693px\" \/><\/figure><\/div>\n<\/div><\/div>\n\n\n\n<p class=\"has-text-align-center has-large-font-size\">   <\/p>\n\n\n\n<div class=\"wp-block-media-text is-stacked-on-mobile is-vertically-aligned-center is-image-fill has-black-color has-text-color has-background\" style=\"background:linear-gradient(135deg,rgb(238,238,238) 0%,rgb(114,114,114) 70%,rgb(169,184,195) 100%)\"><figure class=\"wp-block-media-text__media\" style=\"background-image:url(https:\/\/www.surfatech.ca\/wp-content\/uploads\/2022\/06\/Solage.jpg);background-position:50% 50%\"><img loading=\"lazy\" decoding=\"async\" width=\"540\" height=\"960\" src=\"https:\/\/www.surfatech.ca\/wp-content\/uploads\/2022\/06\/Solage.jpg\" alt=\"R\u00e9paration de votre solage de cr\u00e9pi 1\" class=\"wp-image-423 size-full\" srcset=\"https:\/\/www.surfatech.ca\/wp-content\/uploads\/2022\/06\/Solage.jpg 540w, https:\/\/www.surfatech.ca\/wp-content\/uploads\/2022\/06\/Solage-169x300.jpg 169w\" sizes=\"auto, (max-width: 540px) 100vw, 540px\" \/><\/figure><div class=\"wp-block-media-text__content\">\n<p class=\"has-text-align-right has-black-color has-text-color\" style=\"font-size:34px\"><strong>FOUNDATIONS<\/strong> <\/p>\n\n\n\n<p class=\"has-black-color has-text-color has-medium-font-size\">Protect the foundations of your house by reinforcing the foundation plaster with our specialized acrylic product.<\/p>\n\n\n\n<div class=\"wp-block-buttons is-content-justification-right is-layout-flex wp-container-core-buttons-is-layout-d445cf74 wp-block-buttons-is-layout-flex\">\n<div class=\"wp-block-button has-custom-width wp-block-button__width-75 has-custom-font-size is-style-fill has-medium-font-size\"><a class=\"wp-block-button__link has-white-color has-text-color has-background wp-element-button\" href=\"https:\/\/www.surfatech.ca\/en_ca\/services\/reparation-solage-crepi-beton\/\" style=\"border-radius:100px;background-color:#ff9150\"><strong>LEARN MORE\u2026<\/strong><\/a><\/div>\n<\/div>\n\n\n\n<p> <\/p>\n<\/div><\/div>\n\n\n\n<p class=\"has-text-align-center has-large-font-size\">   <\/p>\n\n\n\n<div class=\"wp-block-media-text alignwide has-media-on-the-right is-stacked-on-mobile is-vertically-aligned-center is-image-fill has-black-color has-text-color has-background\" style=\"background:linear-gradient(135deg,rgb(238,238,238) 0%,rgb(114,114,114) 63%,rgb(169,184,195) 100%)\"><div class=\"wp-block-media-text__content\">\n<p class=\"has-black-color has-text-color\" style=\"font-size:34px\"><strong>POOL CONTOUR<\/strong><\/p>\n\n\n\n<p class=\"has-black-color has-text-color has-medium-font-size\">Improve the appearance of your concrete pool surround with our durable anti-slip product.<\/p>\n\n\n\n<div class=\"wp-block-buttons is-layout-flex wp-block-buttons-is-layout-flex\">\n<div class=\"wp-block-button has-custom-width wp-block-button__width-75 has-custom-font-size is-style-fill has-medium-font-size\"><a class=\"wp-block-button__link has-white-color has-text-color has-background wp-element-button\" href=\"https:\/\/www.surfatech.ca\/en_ca\/nos-services\/restauration-contour-piscine-beton\/\" style=\"border-radius:100px;background-color:#ff9150\"><strong>LEARN MORE\u2026<\/strong><\/a><\/div>\n<\/div>\n\n\n\n<p> <\/p>\n<\/div><figure class=\"wp-block-media-text__media\" style=\"background-image:url(https:\/\/www.surfatech.ca\/wp-content\/uploads\/2022\/06\/Restauration-du-contour-de-piscine-2.jpg);background-position:50% 50%\"><img loading=\"lazy\" decoding=\"async\" width=\"410\" height=\"410\" src=\"https:\/\/www.surfatech.ca\/wp-content\/uploads\/2022\/06\/Restauration-du-contour-de-piscine-2.jpg\" alt=\"Restauration du rev\u00eatement de b\u00e9ton contour de piscine 3\" class=\"wp-image-348 size-full\" srcset=\"https:\/\/www.surfatech.ca\/wp-content\/uploads\/2022\/06\/Restauration-du-contour-de-piscine-2.jpg 410w, https:\/\/www.surfatech.ca\/wp-content\/uploads\/2022\/06\/Restauration-du-contour-de-piscine-2-300x300.jpg 300w, https:\/\/www.surfatech.ca\/wp-content\/uploads\/2022\/06\/Restauration-du-contour-de-piscine-2-150x150.jpg 150w\" sizes=\"auto, (max-width: 410px) 100vw, 410px\" \/><\/figure><\/div>\n\n\n\n<p class=\"has-text-align-center has-large-font-size\">   <\/p>\n\n\n\n<div class=\"wp-block-media-text is-stacked-on-mobile is-vertically-aligned-center is-image-fill has-black-color has-text-color has-background\" style=\"background:linear-gradient(135deg,rgb(238,238,238) 0%,rgb(114,114,114) 70%,rgb(169,184,195) 100%)\"><figure class=\"wp-block-media-text__media\" style=\"background-image:url(https:\/\/www.surfatech.ca\/wp-content\/uploads\/2022\/05\/277818694_347520147430485_4961764499468243064_n.jpg);background-position:50% 50%\"><img loading=\"lazy\" decoding=\"async\" width=\"960\" height=\"720\" src=\"https:\/\/www.surfatech.ca\/wp-content\/uploads\/2022\/05\/277818694_347520147430485_4961764499468243064_n.jpg\" alt=\"Rev\u00eatement de b\u00e9ton, restauration plancher garage \u00e9poxy r\u00e9sidentiel\" class=\"wp-image-179 size-full\" srcset=\"https:\/\/www.surfatech.ca\/wp-content\/uploads\/2022\/05\/277818694_347520147430485_4961764499468243064_n.jpg 960w, https:\/\/www.surfatech.ca\/wp-content\/uploads\/2022\/05\/277818694_347520147430485_4961764499468243064_n-300x225.jpg 300w, https:\/\/www.surfatech.ca\/wp-content\/uploads\/2022\/05\/277818694_347520147430485_4961764499468243064_n-768x576.jpg 768w\" sizes=\"auto, (max-width: 960px) 100vw, 960px\" \/><\/figure><div class=\"wp-block-media-text__content\">\n<p class=\"has-text-align-right has-black-color has-text-color\" style=\"font-size:33px\"><strong>RESIDENTIAL EPOXY<\/strong><\/p>\n\n\n\n<p class=\"has-black-color has-text-color has-medium-font-size\">Resurface your garage floor with our durable epoxy available in more than 10 trendy colors.<\/p>\n\n\n\n<div class=\"wp-block-buttons is-content-justification-right is-layout-flex wp-container-core-buttons-is-layout-d445cf74 wp-block-buttons-is-layout-flex\">\n<div class=\"wp-block-button has-custom-width wp-block-button__width-75 has-custom-font-size is-style-fill has-medium-font-size\"><a class=\"wp-block-button__link has-white-color has-text-color has-background wp-element-button\" href=\"https:\/\/www.surfatech.ca\/en_ca\/nos-services\/installation-epoxy-residentiel-surfaces-beton\/\" style=\"border-radius:100px;background-color:#ff9150\"><strong>LEARN MORE\u2026<\/strong><\/a><\/div>\n<\/div>\n\n\n\n<p> <\/p>\n<\/div><\/div>\n\n\n\n<p class=\"has-text-align-center has-large-font-size\">   <\/p>\n\n\n\n<div class=\"wp-block-media-text alignwide has-media-on-the-right is-stacked-on-mobile is-vertically-aligned-center is-image-fill has-black-color has-text-color has-background\" style=\"background:linear-gradient(135deg,rgb(238,238,238) 0%,rgb(114,114,114) 70%,rgb(169,184,195) 100%);grid-template-columns:auto 40%\"><div class=\"wp-block-media-text__content\">\n<p class=\"has-black-color has-text-color\" style=\"font-size:34px\"><strong>COMMERCIAL EPOXY<\/strong><\/p>\n\n\n\n<p class=\"has-black-color has-text-color has-medium-font-size\">Choose an industrial epoxy floor that is resistant to heavy loads and easily washable.<\/p>\n\n\n\n<div class=\"wp-block-buttons is-layout-flex wp-block-buttons-is-layout-flex\">\n<div class=\"wp-block-button has-custom-width wp-block-button__width-75 has-custom-font-size is-style-fill has-medium-font-size\"><a class=\"wp-block-button__link has-white-color has-text-color has-background wp-element-button\" href=\"https:\/\/www.surfatech.ca\/en_ca\/nos-services\/installation-epoxy-commercial-surfaces-beton\/\" style=\"border-radius:100px;background-color:#ff9150\"><strong>LEARN MORE\u2026<\/strong><\/a><\/div>\n<\/div>\n\n\n\n<p> <\/p>\n<\/div><figure class=\"wp-block-media-text__media\" style=\"background-image:url(https:\/\/www.surfatech.ca\/wp-content\/uploads\/2024\/01\/Application-epoxy-garage-industriel.jpg);background-position:50% 40%\"><img loading=\"lazy\" decoding=\"async\" width=\"600\" height=\"540\" src=\"https:\/\/www.surfatech.ca\/wp-content\/uploads\/2024\/01\/Application-epoxy-garage-industriel.jpg\" alt=\"Rev\u00eatement \u00e9poxy garage industriel\" class=\"wp-image-774 size-full\" srcset=\"https:\/\/www.surfatech.ca\/wp-content\/uploads\/2024\/01\/Application-epoxy-garage-industriel.jpg 600w, https:\/\/www.surfatech.ca\/wp-content\/uploads\/2024\/01\/Application-epoxy-garage-industriel-300x270.jpg 300w, https:\/\/www.surfatech.ca\/wp-content\/uploads\/2024\/01\/Application-epoxy-garage-industriel-13x12.jpg 13w\" sizes=\"auto, (max-width: 600px) 100vw, 600px\" \/><\/figure><\/div>\n\n\n\n<hr class=\"wp-block-separator has-alpha-channel-opacity\"\/>\n\n\n\n<p class=\"has-text-align-center has-large-font-size\"><strong>SurfaTech, the expert in repair and restoration of concrete coatings!<\/strong><\/p>","protected":false},"excerpt":{"rendered":"<p>Our team specializes in the repair and restoration of concrete coatings. For all your concrete work including balconies, sidewalks, flooring, swimming pool contours, garage floors, basement floors, shed floors and even those of commercial\/industrial locations, contact SurfaTech. Learn more about the services [\u2026]<\/p>","protected":false},"author":1,"featured_media":174,"parent":0,"menu_order":0,"comment_status":"closed","ping_status":"closed","template":"","meta":{"footnotes":""},"class_list":["post-10","page","type-page","status-publish","has-post-thumbnail","hentry"],"yoast_head":"<!-- This site is optimized with the Yoast SEO plugin v27.5 - https:\/\/yoast.com\/product\/yoast-seo-wordpress\/ -->\n<title>R\u00e9paration de rev\u00eatements de b\u00e9ton Vaudreuil-Soulanges<\/title>\n<meta name=\"description\" content=\"Avec notre service exceptionnel et notre qualit\u00e9 garantie, nous sommes les experts en r\u00e9paration et en restauration de rev\u00eatements de b\u00e9ton.\" \/>\n<meta name=\"robots\" content=\"index, follow, max-snippet:-1, max-image-preview:large, max-video-preview:-1\" \/>\n<link rel=\"canonical\" href=\"https:\/\/www.surfatech.ca\/en_ca\/\" \/>\n<meta property=\"og:locale\" content=\"en_US\" \/>\n<meta property=\"og:type\" content=\"article\" \/>\n<meta property=\"og:title\" content=\"R\u00e9paration de rev\u00eatements de b\u00e9ton Vaudreuil-Soulanges\" \/>\n<meta property=\"og:description\" content=\"Avec notre service exceptionnel et notre qualit\u00e9 garantie, nous sommes les experts en r\u00e9paration et en restauration de rev\u00eatements de b\u00e9ton.\" \/>\n<meta property=\"og:url\" content=\"https:\/\/www.surfatech.ca\/en_ca\/\" \/>\n<meta property=\"og:site_name\" content=\"SurfaTech\" \/>\n<meta property=\"article:publisher\" content=\"https:\/\/www.facebook.com\/profile.php?id=100065175084296\" \/>\n<meta property=\"article:modified_time\" content=\"2024-01-04T18:48:07+00:00\" \/>\n<meta property=\"og:image\" content=\"https:\/\/www.surfatech.ca\/wp-content\/uploads\/2022\/05\/165117313_114493437386610_6548885385095327321_n.jpg\" \/>\n\t<meta property=\"og:image:width\" content=\"960\" \/>\n\t<meta property=\"og:image:height\" content=\"720\" \/>\n\t<meta property=\"og:image:type\" content=\"image\/jpeg\" \/>\n<meta name=\"twitter:card\" content=\"summary_large_image\" \/>\n<meta name=\"twitter:label1\" content=\"Est. reading time\" \/>\n\t<meta name=\"twitter:data1\" content=\"3 minutes\" \/>\n<script type=\"application\/ld+json\" class=\"yoast-schema-graph\">{\"@context\":\"https:\\\/\\\/schema.org\",\"@graph\":[{\"@type\":\"WebPage\",\"@id\":\"https:\\\/\\\/www.surfatech.ca\\\/\",\"url\":\"https:\\\/\\\/www.surfatech.ca\\\/\",\"name\":\"R\u00e9paration de rev\u00eatements de b\u00e9ton Vaudreuil-Soulanges\",\"isPartOf\":{\"@id\":\"https:\\\/\\\/www.surfatech.ca\\\/#website\"},\"primaryImageOfPage\":{\"@id\":\"https:\\\/\\\/www.surfatech.ca\\\/#primaryimage\"},\"image\":{\"@id\":\"https:\\\/\\\/www.surfatech.ca\\\/#primaryimage\"},\"thumbnailUrl\":\"https:\\\/\\\/www.surfatech.ca\\\/wp-content\\\/uploads\\\/2022\\\/05\\\/165117313_114493437386610_6548885385095327321_n.jpg\",\"datePublished\":\"2022-04-26T21:41:08+00:00\",\"dateModified\":\"2024-01-04T18:48:07+00:00\",\"description\":\"Avec notre service exceptionnel et notre qualit\u00e9 garantie, nous sommes les experts en r\u00e9paration et en restauration de rev\u00eatements de b\u00e9ton.\",\"breadcrumb\":{\"@id\":\"https:\\\/\\\/www.surfatech.ca\\\/#breadcrumb\"},\"inLanguage\":\"en-CA\",\"potentialAction\":[{\"@type\":\"ReadAction\",\"target\":[\"https:\\\/\\\/www.surfatech.ca\\\/\"]}]},{\"@type\":\"ImageObject\",\"inLanguage\":\"en-CA\",\"@id\":\"https:\\\/\\\/www.surfatech.ca\\\/#primaryimage\",\"url\":\"https:\\\/\\\/www.surfatech.ca\\\/wp-content\\\/uploads\\\/2022\\\/05\\\/165117313_114493437386610_6548885385095327321_n.jpg\",\"contentUrl\":\"https:\\\/\\\/www.surfatech.ca\\\/wp-content\\\/uploads\\\/2022\\\/05\\\/165117313_114493437386610_6548885385095327321_n.jpg\",\"width\":960,\"height\":720,\"caption\":\"Balcon acrylique 2\"},{\"@type\":\"BreadcrumbList\",\"@id\":\"https:\\\/\\\/www.surfatech.ca\\\/#breadcrumb\",\"itemListElement\":[{\"@type\":\"ListItem\",\"position\":1,\"name\":\"Accueil\",\"item\":\"https:\\\/\\\/www.surfatech.ca\\\/\"},{\"@type\":\"ListItem\",\"position\":2,\"name\":\"ACCUEIL\"}]},{\"@type\":\"WebSite\",\"@id\":\"https:\\\/\\\/www.surfatech.ca\\\/#website\",\"url\":\"https:\\\/\\\/www.surfatech.ca\\\/\",\"name\":\"SurfaTech\",\"description\":\"Experts en r\u00e9paration et en rev\u00eatement de b\u00e9ton\",\"publisher\":{\"@id\":\"https:\\\/\\\/www.surfatech.ca\\\/#organization\"},\"potentialAction\":[{\"@type\":\"SearchAction\",\"target\":{\"@type\":\"EntryPoint\",\"urlTemplate\":\"https:\\\/\\\/www.surfatech.ca\\\/?s={search_term_string}\"},\"query-input\":{\"@type\":\"PropertyValueSpecification\",\"valueRequired\":true,\"valueName\":\"search_term_string\"}}],\"inLanguage\":\"en-CA\"},{\"@type\":\"Organization\",\"@id\":\"https:\\\/\\\/www.surfatech.ca\\\/#organization\",\"name\":\"SurfaTech\",\"url\":\"https:\\\/\\\/www.surfatech.ca\\\/\",\"logo\":{\"@type\":\"ImageObject\",\"inLanguage\":\"en-CA\",\"@id\":\"https:\\\/\\\/www.surfatech.ca\\\/#\\\/schema\\\/logo\\\/image\\\/\",\"url\":\"https:\\\/\\\/www.surfatech.ca\\\/wp-content\\\/uploads\\\/2022\\\/04\\\/cropped-277753204_347520144097152_6452057013788299260_n.png\",\"contentUrl\":\"https:\\\/\\\/www.surfatech.ca\\\/wp-content\\\/uploads\\\/2022\\\/04\\\/cropped-277753204_347520144097152_6452057013788299260_n.png\",\"width\":512,\"height\":512,\"caption\":\"SurfaTech\"},\"image\":{\"@id\":\"https:\\\/\\\/www.surfatech.ca\\\/#\\\/schema\\\/logo\\\/image\\\/\"},\"sameAs\":[\"https:\\\/\\\/www.facebook.com\\\/profile.php?id=100065175084296\"]}]}<\/script>\n<!-- \/ Yoast SEO plugin. -->","yoast_head_json":{"title":"R\u00e9paration de rev\u00eatements de b\u00e9ton Vaudreuil-Soulanges","description":"Avec notre service exceptionnel et notre qualit\u00e9 garantie, nous sommes les experts en r\u00e9paration et en restauration de rev\u00eatements de b\u00e9ton.","robots":{"index":"index","follow":"follow","max-snippet":"max-snippet:-1","max-image-preview":"max-image-preview:large","max-video-preview":"max-video-preview:-1"},"canonical":"https:\/\/www.surfatech.ca\/en_ca\/","og_locale":"en_US","og_type":"article","og_title":"R\u00e9paration de rev\u00eatements de b\u00e9ton Vaudreuil-Soulanges","og_description":"Avec notre service exceptionnel et notre qualit\u00e9 garantie, nous sommes les experts en r\u00e9paration et en restauration de rev\u00eatements de b\u00e9ton.","og_url":"https:\/\/www.surfatech.ca\/en_ca\/","og_site_name":"SurfaTech","article_publisher":"https:\/\/www.facebook.com\/profile.php?id=100065175084296","article_modified_time":"2024-01-04T18:48:07+00:00","og_image":[{"width":960,"height":720,"url":"https:\/\/www.surfatech.ca\/wp-content\/uploads\/2022\/05\/165117313_114493437386610_6548885385095327321_n.jpg","type":"image\/jpeg"}],"twitter_card":"summary_large_image","twitter_misc":{"Est. reading time":"3 minutes"},"schema":{"@context":"https:\/\/schema.org","@graph":[{"@type":"WebPage","@id":"https:\/\/www.surfatech.ca\/","url":"https:\/\/www.surfatech.ca\/","name":"R\u00e9paration de rev\u00eatements de b\u00e9ton Vaudreuil-Soulanges","isPartOf":{"@id":"https:\/\/www.surfatech.ca\/#website"},"primaryImageOfPage":{"@id":"https:\/\/www.surfatech.ca\/#primaryimage"},"image":{"@id":"https:\/\/www.surfatech.ca\/#primaryimage"},"thumbnailUrl":"https:\/\/www.surfatech.ca\/wp-content\/uploads\/2022\/05\/165117313_114493437386610_6548885385095327321_n.jpg","datePublished":"2022-04-26T21:41:08+00:00","dateModified":"2024-01-04T18:48:07+00:00","description":"Avec notre service exceptionnel et notre qualit\u00e9 garantie, nous sommes les experts en r\u00e9paration et en restauration de rev\u00eatements de b\u00e9ton.","breadcrumb":{"@id":"https:\/\/www.surfatech.ca\/#breadcrumb"},"inLanguage":"en-CA","potentialAction":[{"@type":"ReadAction","target":["https:\/\/www.surfatech.ca\/"]}]},{"@type":"ImageObject","inLanguage":"en-CA","@id":"https:\/\/www.surfatech.ca\/#primaryimage","url":"https:\/\/www.surfatech.ca\/wp-content\/uploads\/2022\/05\/165117313_114493437386610_6548885385095327321_n.jpg","contentUrl":"https:\/\/www.surfatech.ca\/wp-content\/uploads\/2022\/05\/165117313_114493437386610_6548885385095327321_n.jpg","width":960,"height":720,"caption":"Balcon acrylique 2"},{"@type":"BreadcrumbList","@id":"https:\/\/www.surfatech.ca\/#breadcrumb","itemListElement":[{"@type":"ListItem","position":1,"name":"Accueil","item":"https:\/\/www.surfatech.ca\/"},{"@type":"ListItem","position":2,"name":"ACCUEIL"}]},{"@type":"WebSite","@id":"https:\/\/www.surfatech.ca\/#website","url":"https:\/\/www.surfatech.ca\/","name":"SurfaTech","description":"Experts en r\u00e9paration et en rev\u00eatement de b\u00e9ton","publisher":{"@id":"https:\/\/www.surfatech.ca\/#organization"},"potentialAction":[{"@type":"SearchAction","target":{"@type":"EntryPoint","urlTemplate":"https:\/\/www.surfatech.ca\/?s={search_term_string}"},"query-input":{"@type":"PropertyValueSpecification","valueRequired":true,"valueName":"search_term_string"}}],"inLanguage":"en-CA"},{"@type":"Organization","@id":"https:\/\/www.surfatech.ca\/#organization","name":"SurfaTech","url":"https:\/\/www.surfatech.ca\/","logo":{"@type":"ImageObject","inLanguage":"en-CA","@id":"https:\/\/www.surfatech.ca\/#\/schema\/logo\/image\/","url":"https:\/\/www.surfatech.ca\/wp-content\/uploads\/2022\/04\/cropped-277753204_347520144097152_6452057013788299260_n.png","contentUrl":"https:\/\/www.surfatech.ca\/wp-content\/uploads\/2022\/04\/cropped-277753204_347520144097152_6452057013788299260_n.png","width":512,"height":512,"caption":"SurfaTech"},"image":{"@id":"https:\/\/www.surfatech.ca\/#\/schema\/logo\/image\/"},"sameAs":["https:\/\/www.facebook.com\/profile.php?id=100065175084296"]}]}},"_links":{"self":[{"href":"https:\/\/www.surfatech.ca\/en_ca\/wp-json\/wp\/v2\/pages\/10","targetHints":{"allow":["GET"]}}],"collection":[{"href":"https:\/\/www.surfatech.ca\/en_ca\/wp-json\/wp\/v2\/pages"}],"about":[{"href":"https:\/\/www.surfatech.ca\/en_ca\/wp-json\/wp\/v2\/types\/page"}],"author":[{"embeddable":true,"href":"https:\/\/www.surfatech.ca\/en_ca\/wp-json\/wp\/v2\/users\/1"}],"replies":[{"embeddable":true,"href":"https:\/\/www.surfatech.ca\/en_ca\/wp-json\/wp\/v2\/comments?post=10"}],"version-history":[{"count":51,"href":"https:\/\/www.surfatech.ca\/en_ca\/wp-json\/wp\/v2\/pages\/10\/revisions"}],"predecessor-version":[{"id":1142,"href":"https:\/\/www.surfatech.ca\/en_ca\/wp-json\/wp\/v2\/pages\/10\/revisions\/1142"}],"wp:featuredmedia":[{"embeddable":true,"href":"https:\/\/www.surfatech.ca\/en_ca\/wp-json\/wp\/v2\/media\/174"}],"wp:attachment":[{"href":"https:\/\/www.surfatech.ca\/en_ca\/wp-json\/wp\/v2\/media?parent=10"}],"curies":[{"name":"wp","href":"https:\/\/api.w.org\/{rel}","templated":true}]}}